{"id":4776,"date":"2022-03-31T09:47:41","date_gmt":"2022-03-31T07:47:41","guid":{"rendered":"https:\/\/www.nuovafonderia.com\/privacy-policy\/"},"modified":"2024-05-08T16:49:31","modified_gmt":"2024-05-08T14:49:31","slug":"privacy-policy","status":"publish","type":"page","link":"https:\/\/www.fonderia.net\/es\/privacy-policy\/","title":{"rendered":"Privacy policy"},"content":{"rendered":"<div class=\"fusion-fullwidth fullwidth-box fusion-builder-row-1 fusion-flex-container nonhundred-percent-fullwidth non-hundred-percent-height-scrolling\" style=\"--awb-border-radius-top-left:0px;--awb-border-radius-top-right:0px;--awb-border-radius-bottom-right:0px;--awb-border-radius-bottom-left:0px;--awb-flex-wrap:wrap;\" ><div class=\"fusion-builder-row fusion-row fusion-flex-align-items-flex-start fusion-flex-content-wrap\" style=\"max-width:1248px;margin-left: calc(-4% \/ 2 );margin-right: calc(-4% \/ 2 );\"><div class=\"fusion-layout-column fusion_builder_column fusion-builder-column-0 fusion_builder_column_1_1 1_1 fusion-flex-column\" style=\"--awb-bg-size:cover;--awb-width-large:100%;--awb-margin-top-large:0px;--awb-spacing-right-large:1.92%;--awb-margin-bottom-large:0px;--awb-spacing-left-large:1.92%;--awb-width-medium:100%;--awb-spacing-right-medium:1.92%;--awb-spacing-left-medium:1.92%;--awb-width-small:100%;--awb-spacing-right-small:1.92%;--awb-spacing-left-small:1.92%;\"><div class=\"fusion-column-wrapper fusion-flex-justify-content-flex-start fusion-content-layout-column\"><div class=\"fusion-text fusion-text-1\"><p>Responsable del tratamiento:\u00a0Nuova Fonderia Di Castenedolo Spa (en adelante el \u201cPropietario\u201d), con sede en via Patrioti 118-25014 Castenedolo (BS) de conformidad con los art\u00edculos 4 y 28 del decreto legislativo 30 junio de 2003, n.\u00a0196 &#8211; C\u00f3digo de Privacidad (en adelante, \u00abC\u00f3digo\u00bb) y los art\u00edculos 4, n.\u00a07) y 24 del Reglamento de la UE 2016\/679 del 27 de abril de 2016 sobre la protecci\u00f3n de las personas f\u00edsicas con respecto al tratamiento de datos personales (en adelante, \u00abel Reglamento\u00bb) de conformidad con el art\u00edculo 13 del C\u00f3digo y del Reglamento informa que para el establecimiento y la ejecuci\u00f3n de una relaci\u00f3n constante con el usuario en curso se dispone de datos personales (personales y fiscales).<\/p>\n<p>Con el fin de cumplir con las obligaciones establecidas por el C\u00f3digo y por la normativa comunitaria en materia de privacidad en relaci\u00f3n con sus datos, le invitamos a tener en cuenta la siguiente informaci\u00f3n y a consentir el tratamiento de sus datos personales que nuestra empresa adquirir\u00e1.<\/p>\n<p><strong>\u00a0<\/strong><\/p>\n<ol>\n<li><strong> INFORMACI\u00d3N RECOGIDA<\/strong><\/li>\n<\/ol>\n<p>Solo recogemos informaci\u00f3n necesaria, relevante y apropiada para el prop\u00f3sito para el cual se proporciona.\u00a0Las informaciones que recopilamos pueden incluir:<\/p>\n<ul>\n<li><strong>datos de identidad:\u00a0<\/strong>nombre, apellidos, nombre de usuario o identificador similar y t\u00edtulo;<\/li>\n<li><strong>datos de contacto:\u00a0<\/strong>direcci\u00f3n de facturaci\u00f3n, direcci\u00f3n de entrega, direcci\u00f3n de correo electr\u00f3nico y n\u00fameros de tel\u00e9fono;<\/li>\n<li><strong>datos financieros<\/strong>: datos de la cuenta bancaria y de la tarjeta de pago recopilados \u00fanicamente con el fin de completar la compra;<\/li>\n<li><strong>datos de la transacci\u00f3n: <\/strong>detalles depago y otros detalles sobre productos y servicios comprados o vendidos;<\/li>\n<li><strong>datos del perfil:\u00a0<\/strong>compras o pedidos realizados, cualquier perfil social (si corresponde), preferencias, comentarios, comunicaciones y respuestas a encuestas internas, contrase\u00f1a y nombre de usuario, si corresponde (portal de clientes);<\/li>\n<li><strong>datos de uso:\u00a0<\/strong>informaci\u00f3n sobre c\u00f3mo se utilizan el sitio web, los productos y los servicios;<\/li>\n<li><strong>datos de marketing y comunicaci\u00f3n:\u00a0<\/strong>preferencias en la recepci\u00f3n de comunicaciones de marketing y de terceros y preferencias de comunicaci\u00f3n;<\/li>\n<li><strong>datos t\u00e9cnicos: <\/strong>direcci\u00f3n del\u00a0Protocolo de Internet (IP), datos de acceso, tipo y versi\u00f3n del navegador, configuraci\u00f3n de la zona horaria y ubicaci\u00f3n del complemento del navegador, tipos y versiones, sistema operativo y plataforma y otras tecnolog\u00edas en los dispositivos utilizados para acceder a los sitios web corporativos.<\/li>\n<\/ul>\n<ol start=\"2\">\n<li><strong> USO DE LA INFORMACI\u00d3N<\/strong><\/li>\n<\/ol>\n<p>Solo se procesa la informaci\u00f3n necesaria para los siguientes prop\u00f3sitos:<\/p>\n<ol>\n<li>Gesti\u00f3n operativa y finalidades estrictamente vinculadas con \u00e9sta para acceder al sitio web.<\/li>\n<\/ol>\n<p>La Empresa recoge datos de contacto, financiaci\u00f3n y uso del sitio web para que el usuario pueda acceder al \u00c1rea Personal, en el caso en que est\u00e9 presente y proceder al pedido de los productos o servicios correspondientes.<\/p>\n<p><u>Requisito previo para el procesamiento<\/u>: cumplimiento de las obligaciones contractuales.<\/p>\n<p>El suministro de datos es obligatorio para responder a sus solicitudes;\u00a0en su defecto no podremos darles curso.<\/p>\n<ol start=\"2\">\n<li>Encuestas sobre la satisfacci\u00f3n del cliente<\/li>\n<\/ol>\n<p>La Compa\u00f1\u00eda puede utilizar los datos de contacto para realizar encuestas destinadas a medir el nivel de satisfacci\u00f3n (la llamada satisfacci\u00f3n del cliente) del servicio prestado.<\/p>\n<p><u>Requisito previo para el procesamiento<\/u>: el consentimiento;\u00a0su falta de otorgamiento no implicar\u00e1 ninguna consecuencia sobre las relaciones contractuales.<\/p>\n<p>El consentimiento puede ser revocado en cualquier momento dirigi\u00e9ndose por escrito a la siguiente direcci\u00f3n: <a href=\"mailto:info@nuovafonderia.com\">info@nuovafonderia.com<\/a>.<\/p>\n<ol start=\"3\">\n<li>Marketing<\/li>\n<\/ol>\n<p>La Empresa podr\u00e1 tratar los datos de contacto con fines de marketing y publicidad destinados a informar al Usuario sobre iniciativas de venta promocional realizadas a trav\u00e9s de medios de contacto automatizados (correo electr\u00f3nico, mensajes de texto u otras herramientas de mensajer\u00eda masiva, etc.) y medios de contacto tradicionales (por ejemplo: llamada telef\u00f3nica con operador), como as\u00ed tambi\u00e9n para realizar estudios de mercado y encuestas estad\u00edsticas.<\/p>\n<p><u>Requisito previo para el procesamiento<\/u>: el consentimiento;\u00a0su falta de otorgamiento no implicar\u00e1 ninguna consecuencia sobre las relaciones contractuales.<\/p>\n<p>El consentimiento puede ser revocado en cualquier momento dirigi\u00e9ndose por escrito a la siguiente direcci\u00f3n: <a href=\"mailto:info@nuovafonderia.com\">info@nuovafonderia.com<\/a>.<\/p>\n<ol start=\"4\">\n<li>Conformidad con los pedidos jur\u00eddicamente vinculantes para cumplir una obligaci\u00f3n legal, reglamentos o disposiciones de la autoridad judicial, as\u00ed como para defender un derecho en los tribunales.<\/li>\n<\/ol>\n<p>La Compa\u00f1\u00eda recoge datos de contacto para cumplir con una obligaci\u00f3n legal o para defender su derecho en los tribunales<\/p>\n<p><u>Requisito previo para el procesamiento<\/u>: obligaciones legales que la Compa\u00f1\u00eda est\u00e1 obligada a cumplir.<\/p>\n<ol start=\"3\">\n<li><strong> INTERCAMBIO<\/strong><\/li>\n<\/ol>\n<p>No compartimos informaci\u00f3n con terceros; sin embargo, ocasionalmente podemos divulgar informaci\u00f3n a las siguientes categor\u00edas de empresas u organizaciones a las que transferimos la responsabilidad de administrar los servicios en nuestro nombre: proveedores de servicios de soporte, centros de atenci\u00f3n al cliente, agencias y consultores de marketing directo, proveedores de servicios de investigaci\u00f3n y an\u00e1lisis de mercado, asesores legales y otros profesionales.<\/p>\n<p>Trabajamos para garantizar que todos los socios externos que manejan informaci\u00f3n cumplan con la legislaci\u00f3n de protecci\u00f3n de datos y protejan la informaci\u00f3n tal como lo hacemos nosotros.\u00a0Les revelamos solo la informaci\u00f3n personal ESTRICTAMENTE necesaria para proporcionar el servicio que est\u00e1n realizando en nuestro nombre.<\/p>\n<p>Anonimizaremos la informaci\u00f3n o utilizaremos conjuntos de datos agregados espec\u00edficos cuando sea posible.<strong>\u00a0<\/strong><\/p>\n<ol start=\"4\">\n<li><strong> CONDICIONES DE ALMACENAMIENTO<\/strong><\/li>\n<\/ol>\n<p>No conservamos la informaci\u00f3n personal en un formato de identificaci\u00f3n durante m\u00e1s tiempo del necesario.<\/p>\n<p>Para clientes o proveedores, conservamos la informaci\u00f3n personal por un per\u00edodo m\u00e1s largo que el tratamiento de clientes\/proveedores potenciales.<\/p>\n<p>En el caso de una relaci\u00f3n en curso (por ejemplo, un cliente), conservamos la informaci\u00f3n personal durante 10 a\u00f1os a partir de la fecha de la \u00faltima transacci\u00f3n, para establecer, presentar o defender cualquier reclamo legal.<\/p>\n<p>La informaci\u00f3n promocional y de marketing se conservar\u00e1 durante un plazo m\u00e1ximo de 24 meses.<strong>\u00a0<\/strong><\/p>\n<ol start=\"5\">\n<li><strong> ARCHIVO<\/strong><\/li>\n<\/ol>\n<p>Los datos personales que recogemos pueden transferirse y almacenarse en un destino fuera del Espacio Econ\u00f3mico Europeo (EEE), para los fines descritos anteriormente.\u00a0Tomaremos todas las medidas razonablemente necesarias para garantizar que los datos personales sean tratados de forma segura y de acuerdo con esta Pol\u00edtica de privacidad y la legislaci\u00f3n de protecci\u00f3n de datos.\u00a0En la medida en que sea necesario transferir datos personales fuera de la Uni\u00f3n Europea, nos aseguraremos de que se implementen las medidas de protecci\u00f3n adecuadas para proteger la privacidad y la integridad de dichos datos, incluidas las cl\u00e1usulas modelo de la Uni\u00f3n Europea bajo el art\u00edculo 46 \u00abSujeto de transferencia a garant\u00edas adecuadas\u201d.<\/p>\n<ol start=\"6\">\n<li><strong> <em>COOKIES<\/em><\/strong><\/li>\n<\/ol>\n<p>Las <em>cookies<\/em> son archivos de texto que identifican su computadora (a trav\u00e9s de la llamada direcci\u00f3n IP) en nuestro servidor.\u00a0Para obtener informaci\u00f3n sobre las razones por las que los usamos, consulte la secci\u00f3n \u00abC\u00f3mo usamos la informaci\u00f3n que recogemos\u00bb de esta Pol\u00edtica de Privacidad.\u00a0No utilizamos la direcci\u00f3n IP como medio de identificaci\u00f3n del usuario.\u00a0Generalmente existe la posibilidad de configurar la computadora para aceptar todas las <em>cookies<\/em>, para ser informado cuando se emite una <em>cookie<\/em> o para no recibir <em>cookies<\/em> en todo momento, esto es posible a trav\u00e9s del navegador de Internet.\u00a0Con la mayor\u00eda de los navegadores, se puede acceder a esta funci\u00f3n a trav\u00e9s del men\u00fa &#8216;herramientas&#8217; (por ejemplo, Internet Explorer), &#8216;editar&#8217; o &#8216;tarea&#8217;.\u00a0Si tiene problemas para encontrar esta \u00e1rea la funci\u00f3n de \u00abayuda\u00bb dentro de su navegador podr\u00e1 ayudarlo.\u00a0Tambi\u00e9n puede encontrar informaci\u00f3n m\u00e1s detallada sobre las <em>cookies<\/em> y c\u00f3mo gestionarlas en\u00a0<a href=\"https:\/\/translate.google.com\/translate?hl=it&amp;prev=_t&amp;sl=it&amp;tl=es&amp;u=http:\/\/www.allaboutcookies.org\/\">http:\/\/www.allaboutcookies.org<\/a>\u00a0.<\/p>\n<p>El rechazo de las <em>cookies<\/em> podr\u00eda impedir el correcto funcionamiento del sitio o incluso impedir el acceso a determinadas \u00e1reas.<\/p>\n<p><strong>6.1.\u00a0\u00bfC\u00d3MO USAMOS LAS <em>COOKIES<\/em>?<\/strong><\/p>\n<p>Dependiendo de la funci\u00f3n y el prop\u00f3sito del uso, las <em>cookies<\/em> se pueden clasificar en <em>cookies<\/em> t\u00e9cnicas, <em>cookies<\/em> anal\u00edticas, <em>cookies<\/em> de perfil.\u00a0Todas las <em>cookies<\/em> se dividen en <em>cookies<\/em> propias, instaladas directamente por el administrador del sitio y <em>cookies<\/em> de terceros, instaladas a trav\u00e9s del sitio por terceros.<\/p>\n<p>En base a las caracter\u00edsticas y uso de las <em>cookies<\/em> podemos distinguir varias categor\u00edas:<\/p>\n<ol>\n<li><strong>Las <em>cookies<\/em> de navegaci\u00f3n\u00a0<\/strong>en el sitio web rastrean la ruta de las <em>cookies<\/em> (la llamada actividad de \u00absecuencia de clics\u00bb, o el registro de las rutas seguidas por los visitantes de un sitio cuando pasan de una p\u00e1gina a otra) sin poder conocer o identificar al usuario, con el fin de recoger datos estad\u00edsticos en el sitio como, por ejemplo, las p\u00e1ginas visitadas, descargadas, etc.<\/li>\n<\/ol>\n<p>Reiteramos que ninguna de estas informaciones est\u00e1 asociada con usted individualmente.\u00a0Las <em>cookies<\/em> no adquieren su direcci\u00f3n de correo electr\u00f3nico personal ni su informaci\u00f3n privada.\u00a0La informaci\u00f3n obtenida del seguimiento de las <em>cookies<\/em> solo se eval\u00faa en su conjunto.\u00a0Los archivos de registro del servidor web tambi\u00e9n se utilizan para contar los visitantes y evaluar las capacidades t\u00e9cnicas de nuestro sitio para facilitar la navegaci\u00f3n en el sitio y hacer que sus p\u00e1ginas sean m\u00e1s \u00fatiles para los usuarios.\u00a0Recogemos informaci\u00f3n sobre el tr\u00e1fico del sitio, pero no sobre visitantes individuales.<\/p>\n<ol start=\"2\">\n<li><strong>Las <em>cookies<\/em> de sesi\u00f3n\u00a0<\/strong>son estrictamente necesarias para proporcionarle los servicios disponibles a trav\u00e9s de nuestro sitio web y para utilizar algunas de sus funciones.<\/li>\n<\/ol>\n<p>Dado que estas <em>cookies<\/em> son estrictamente necesarias no es posible rechazarlas sin afectar el funcionamiento de nuestro sitio web pero puede bloquearlas o eliminarlas cambiando la configuraci\u00f3n de su navegador y forzando el bloqueo de todas las <em>cookies<\/em> en este sitio web.<\/p>\n<ol start=\"3\">\n<li><strong>Las <em>cookies<\/em> de Google Analytics\u00a0<\/strong>recopilan informaci\u00f3n que se usa en forma agregada para ayudarnos a comprender c\u00f3mo es usado nuestro sitio web o la efectividad de nuestras campa\u00f1as de marketing o para ayudarnos a personalizar el sitio para mejorar su experiencia.<\/li>\n<li><strong>Las <em>cookies<\/em> de perfil\u00a0<\/strong>crean perfiles de usuario y se utilizan para enviar mensajes publicitarios en l\u00ednea con las preferencias expresadas por el usuario mientras navega por la web:\n<ol>\n<li>Las <em>cookies<\/em> recogidas con las finalidades enumeradas anteriormente podr\u00e1n ser comunicadas a los sujetos competentes encargados de la gesti\u00f3n del sitio para la realizaci\u00f3n, incluso parcial, de las actividades relacionadas con la tarea asignada.<\/li>\n<li>Para todas las <em>cookies<\/em> distintas de las <em>cookies<\/em> t\u00e9cnicas, se requiere el consentimiento expreso del usuario la primera vez que visita el sitio.\u00a0El consentimiento se rastrea en visitas posteriores, sin embargo el usuario siempre tiene la posibilidad de revocar el consentimiento ya expresado en su totalidad o en parte.<\/li>\n<\/ol>\n<\/li>\n<\/ol>\n<p><strong>6.2.\u00a0DURACI\u00d3N<\/strong><\/p>\n<p>Algunas <em>cookies<\/em> (<em>cookies<\/em> de sesi\u00f3n) permanecen activas solo hasta que se cierra el navegador.\u00a0Otras <em>cookies<\/em> (<em>cookies<\/em> persistentes) \u201csobreviven\u201d cuando se cierra el navegador y tambi\u00e9n est\u00e1n disponibles en posteriores visitas del usuario y su duraci\u00f3n la establece el servidor en el momento de su creaci\u00f3n con una fecha de caducidad predeterminada.<\/p>\n<p>La configuraci\u00f3n se puede definir espec\u00edficamente para diferentes sitios web y aplicaciones web. Adem\u00e1s los navegadores m\u00e1s comunes le permiten definir diferentes configuraciones para varios tipos de <em>cookies<\/em>.<\/p>\n<p>Puede configurar su navegador para que le notifique en caso de intentos de insertar <em>cookies<\/em>, limitaci\u00f3n o rechazo total.<\/p>\n<ol start=\"7\">\n<li><strong> DERECHOS DEL INTERESADO<\/strong><\/li>\n<\/ol>\n<p>El interesado podr\u00e1 hacer valer sus derechos en la forma prevista por los art\u00edculos\u00a015-23 RGPD en especial:<\/p>\n<ul>\n<li>solicitar una copia de la informaci\u00f3n que tenemos en nuestro poder;<\/li>\n<li>corregir y actualizar su informaci\u00f3n;<\/li>\n<li>retirar el consentimiento;<\/li>\n<li>derecho a objetar y solicitar la eliminaci\u00f3n de datos o la limitaci\u00f3n de uso, cuando no existan razones leg\u00edtimas para continuar usando y procesando su informaci\u00f3n o en ausencia de consentimiento para actividades de <em>marketing<\/em> directo;<\/li>\n<li>derecho a la portabilidad de los datos;<\/li>\n<li>derecho a presentar una reclamaci\u00f3n ante la autoridad de control competente (Garante de Privacidad).<\/li>\n<\/ul>\n<p>Puede ejercer los derechos anteriores o gestionar la informaci\u00f3n poni\u00e9ndose en contacto con nosotros en las siguientes referencias:<\/p>\n<p>Correos: via Patrioti 118 &#8211; 25014 Castenedolo (BS)<\/p>\n<p>Correo electr\u00f3nico:\u00a0<a href=\"mailto:info@nuovafonderia.com\">info@nuovafonderia.com<\/a><\/p>\n<p>En caso de solicitud de acceso o informaci\u00f3n, le informamos que, si la solicitud es infundada o excesiva, podemos cobrar una tarifa o negarnos a actuar.<\/p>\n<ol start=\"8\">\n<li><strong> CAMBIOS A ESTA POL\u00cdTICA DE PRIVACIDAD<\/strong><\/li>\n<\/ol>\n<p>Nuova Fonderia Di Castenedolo Spa se reserva el derecho de modificar el contenido, en parte o en su totalidad, tambi\u00e9n debido a actualizaciones reglamentarias.\u00a0La versi\u00f3n actualizada de este Aviso se publicar\u00e1 en el sitio web, por lo que lo invitamos a visitar peri\u00f3dicamente esta secci\u00f3n.<\/p>\n<\/div><\/div><\/div><\/div><\/div>\n","protected":false},"excerpt":{"rendered":"","protected":false},"author":1,"featured_media":0,"parent":0,"menu_order":0,"comment_status":"closed","ping_status":"closed","template":"","meta":{"_acf_changed":false,"inline_featured_image":false,"footnotes":""},"class_list":["post-4776","page","type-page","status-publish","hentry"],"acf":[],"yoast_head":"<!-- This site is optimized with the Yoast SEO plugin v27.5 - https:\/\/yoast.com\/product\/yoast-seo-wordpress\/ -->\n<title>Privacy Policy | Fonderia di Castenedolo<\/title>\n<meta name=\"description\" content=\"Privacy policy Fonderia di Castenedolo. Qui trovi la privacy per gli utenti e il trattamento dei dati personali inseriti dagli stessi...\" \/>\n<meta name=\"robots\" content=\"index, follow, max-snippet:-1, max-image-preview:large, max-video-preview:-1\" \/>\n<link rel=\"canonical\" href=\"https:\/\/www.fonderia.net\/es\/privacy-policy\/\" \/>\n<meta property=\"og:locale\" content=\"es_ES\" \/>\n<meta property=\"og:type\" content=\"article\" \/>\n<meta property=\"og:title\" content=\"Privacy Policy | Fonderia di Castenedolo\" \/>\n<meta property=\"og:description\" content=\"Privacy policy Fonderia di Castenedolo. Qui trovi la privacy per gli utenti e il trattamento dei dati personali inseriti dagli stessi...\" \/>\n<meta property=\"og:url\" content=\"https:\/\/www.fonderia.net\/es\/privacy-policy\/\" \/>\n<meta property=\"og:site_name\" content=\"Nuova Fonderia di Castenedolo\" \/>\n<meta property=\"article:modified_time\" content=\"2024-05-08T14:49:31+00:00\" \/>\n<meta name=\"twitter:card\" content=\"summary_large_image\" \/>\n<meta name=\"twitter:label1\" content=\"Tiempo de lectura\" \/>\n\t<meta name=\"twitter:data1\" content=\"11 minutos\" \/>\n<script type=\"application\/ld+json\" class=\"yoast-schema-graph\">{\"@context\":\"https:\\\/\\\/schema.org\",\"@graph\":[{\"@type\":\"WebPage\",\"@id\":\"https:\\\/\\\/www.fonderia.net\\\/es\\\/privacy-policy\\\/\",\"url\":\"https:\\\/\\\/www.fonderia.net\\\/es\\\/privacy-policy\\\/\",\"name\":\"Privacy Policy | Fonderia di Castenedolo\",\"isPartOf\":{\"@id\":\"https:\\\/\\\/www.fonderia.net\\\/es\\\/#website\"},\"datePublished\":\"2022-03-31T07:47:41+00:00\",\"dateModified\":\"2024-05-08T14:49:31+00:00\",\"description\":\"Privacy policy Fonderia di Castenedolo. Qui trovi la privacy per gli utenti e il trattamento dei dati personali inseriti dagli stessi...\",\"breadcrumb\":{\"@id\":\"https:\\\/\\\/www.fonderia.net\\\/es\\\/privacy-policy\\\/#breadcrumb\"},\"inLanguage\":\"es\",\"potentialAction\":[{\"@type\":\"ReadAction\",\"target\":[\"https:\\\/\\\/www.fonderia.net\\\/es\\\/privacy-policy\\\/\"]}]},{\"@type\":\"BreadcrumbList\",\"@id\":\"https:\\\/\\\/www.fonderia.net\\\/es\\\/privacy-policy\\\/#breadcrumb\",\"itemListElement\":[{\"@type\":\"ListItem\",\"position\":1,\"name\":\"Home\",\"item\":\"https:\\\/\\\/www.fonderia.net\\\/es\\\/\"},{\"@type\":\"ListItem\",\"position\":2,\"name\":\"Privacy policy\"}]},{\"@type\":\"WebSite\",\"@id\":\"https:\\\/\\\/www.fonderia.net\\\/es\\\/#website\",\"url\":\"https:\\\/\\\/www.fonderia.net\\\/es\\\/\",\"name\":\"Fonderia di Castenedolo\",\"description\":\"\",\"publisher\":{\"@id\":\"https:\\\/\\\/www.fonderia.net\\\/es\\\/#organization\"},\"potentialAction\":[{\"@type\":\"SearchAction\",\"target\":{\"@type\":\"EntryPoint\",\"urlTemplate\":\"https:\\\/\\\/www.fonderia.net\\\/es\\\/?s={search_term_string}\"},\"query-input\":{\"@type\":\"PropertyValueSpecification\",\"valueRequired\":true,\"valueName\":\"search_term_string\"}}],\"inLanguage\":\"es\"},{\"@type\":\"Organization\",\"@id\":\"https:\\\/\\\/www.fonderia.net\\\/es\\\/#organization\",\"name\":\"Fonderia di Castenedolo\",\"url\":\"https:\\\/\\\/www.fonderia.net\\\/es\\\/\",\"logo\":{\"@type\":\"ImageObject\",\"inLanguage\":\"es\",\"@id\":\"https:\\\/\\\/www.fonderia.net\\\/es\\\/#\\\/schema\\\/logo\\\/image\\\/\",\"url\":\"https:\\\/\\\/www.fonderia.net\\\/wp-content\\\/uploads\\\/2024\\\/04\\\/Nuova-Fonderia-di-Castenodolo-con-sfondo-e1712146742200.png\",\"contentUrl\":\"https:\\\/\\\/www.fonderia.net\\\/wp-content\\\/uploads\\\/2024\\\/04\\\/Nuova-Fonderia-di-Castenodolo-con-sfondo-e1712146742200.png\",\"width\":75,\"height\":74,\"caption\":\"Fonderia di Castenedolo\"},\"image\":{\"@id\":\"https:\\\/\\\/www.fonderia.net\\\/es\\\/#\\\/schema\\\/logo\\\/image\\\/\"}}]}<\/script>\n<!-- \/ Yoast SEO plugin. -->","yoast_head_json":{"title":"Privacy Policy | Fonderia di Castenedolo","description":"Privacy policy Fonderia di Castenedolo. Qui trovi la privacy per gli utenti e il trattamento dei dati personali inseriti dagli stessi...","robots":{"index":"index","follow":"follow","max-snippet":"max-snippet:-1","max-image-preview":"max-image-preview:large","max-video-preview":"max-video-preview:-1"},"canonical":"https:\/\/www.fonderia.net\/es\/privacy-policy\/","og_locale":"es_ES","og_type":"article","og_title":"Privacy Policy | Fonderia di Castenedolo","og_description":"Privacy policy Fonderia di Castenedolo. Qui trovi la privacy per gli utenti e il trattamento dei dati personali inseriti dagli stessi...","og_url":"https:\/\/www.fonderia.net\/es\/privacy-policy\/","og_site_name":"Nuova Fonderia di Castenedolo","article_modified_time":"2024-05-08T14:49:31+00:00","twitter_card":"summary_large_image","twitter_misc":{"Tiempo de lectura":"11 minutos"},"schema":{"@context":"https:\/\/schema.org","@graph":[{"@type":"WebPage","@id":"https:\/\/www.fonderia.net\/es\/privacy-policy\/","url":"https:\/\/www.fonderia.net\/es\/privacy-policy\/","name":"Privacy Policy | Fonderia di Castenedolo","isPartOf":{"@id":"https:\/\/www.fonderia.net\/es\/#website"},"datePublished":"2022-03-31T07:47:41+00:00","dateModified":"2024-05-08T14:49:31+00:00","description":"Privacy policy Fonderia di Castenedolo. Qui trovi la privacy per gli utenti e il trattamento dei dati personali inseriti dagli stessi...","breadcrumb":{"@id":"https:\/\/www.fonderia.net\/es\/privacy-policy\/#breadcrumb"},"inLanguage":"es","potentialAction":[{"@type":"ReadAction","target":["https:\/\/www.fonderia.net\/es\/privacy-policy\/"]}]},{"@type":"BreadcrumbList","@id":"https:\/\/www.fonderia.net\/es\/privacy-policy\/#breadcrumb","itemListElement":[{"@type":"ListItem","position":1,"name":"Home","item":"https:\/\/www.fonderia.net\/es\/"},{"@type":"ListItem","position":2,"name":"Privacy policy"}]},{"@type":"WebSite","@id":"https:\/\/www.fonderia.net\/es\/#website","url":"https:\/\/www.fonderia.net\/es\/","name":"Fonderia di Castenedolo","description":"","publisher":{"@id":"https:\/\/www.fonderia.net\/es\/#organization"},"potentialAction":[{"@type":"SearchAction","target":{"@type":"EntryPoint","urlTemplate":"https:\/\/www.fonderia.net\/es\/?s={search_term_string}"},"query-input":{"@type":"PropertyValueSpecification","valueRequired":true,"valueName":"search_term_string"}}],"inLanguage":"es"},{"@type":"Organization","@id":"https:\/\/www.fonderia.net\/es\/#organization","name":"Fonderia di Castenedolo","url":"https:\/\/www.fonderia.net\/es\/","logo":{"@type":"ImageObject","inLanguage":"es","@id":"https:\/\/www.fonderia.net\/es\/#\/schema\/logo\/image\/","url":"https:\/\/www.fonderia.net\/wp-content\/uploads\/2024\/04\/Nuova-Fonderia-di-Castenodolo-con-sfondo-e1712146742200.png","contentUrl":"https:\/\/www.fonderia.net\/wp-content\/uploads\/2024\/04\/Nuova-Fonderia-di-Castenodolo-con-sfondo-e1712146742200.png","width":75,"height":74,"caption":"Fonderia di Castenedolo"},"image":{"@id":"https:\/\/www.fonderia.net\/es\/#\/schema\/logo\/image\/"}}]}},"_links":{"self":[{"href":"https:\/\/www.fonderia.net\/es\/wp-json\/wp\/v2\/pages\/4776","targetHints":{"allow":["GET"]}}],"collection":[{"href":"https:\/\/www.fonderia.net\/es\/wp-json\/wp\/v2\/pages"}],"about":[{"href":"https:\/\/www.fonderia.net\/es\/wp-json\/wp\/v2\/types\/page"}],"author":[{"embeddable":true,"href":"https:\/\/www.fonderia.net\/es\/wp-json\/wp\/v2\/users\/1"}],"replies":[{"embeddable":true,"href":"https:\/\/www.fonderia.net\/es\/wp-json\/wp\/v2\/comments?post=4776"}],"version-history":[{"count":6,"href":"https:\/\/www.fonderia.net\/es\/wp-json\/wp\/v2\/pages\/4776\/revisions"}],"predecessor-version":[{"id":4787,"href":"https:\/\/www.fonderia.net\/es\/wp-json\/wp\/v2\/pages\/4776\/revisions\/4787"}],"wp:attachment":[{"href":"https:\/\/www.fonderia.net\/es\/wp-json\/wp\/v2\/media?parent=4776"}],"curies":[{"name":"wp","href":"https:\/\/api.w.org\/{rel}","templated":true}]}}